{"id":198,"date":"2021-11-22T09:57:30","date_gmt":"2021-11-22T09:57:30","guid":{"rendered":"https:\/\/cral.uniroma3.it\/?page_id=198"},"modified":"2025-01-20T08:49:46","modified_gmt":"2025-01-20T08:49:46","slug":"chi-siamo","status":"publish","type":"page","link":"https:\/\/cral.uniroma3.it\/?page_id=198","title":{"rendered":"Chi siamo"},"content":{"rendered":"<p><img loading=\"lazy\" decoding=\"async\" class=\"size-full wp-image-306 alignright\" src=\"https:\/\/cral.uniroma3.it\/wp-content\/uploads\/2021\/11\/cral-uniroma3.jpg\" alt=\"\" width=\"227\" height=\"139\" \/>Nell\u2019ambito delle Universit\u00e0 italiane si \u00e8 sviluppato e consolidato un complesso di attivit\u00e0 integrative collaterali, rispetto ai fini istituzionali di didattica e ricerca proprie delle universit\u00e0, a favore del personale universitario collegabili prevalentemente al tempo libero.<\/p>\n<p>Su proposta di alcuni dipendenti promotori \u00e8 stato costituito il Circolo Ricreativo Associato dei Lavoratori dell\u2019Universit\u00e0 degli studi Roma Tre &#8211; abbreviato: CRAL \u2013 UniRoma3. Il circolo ha la propria sede legale presso l\u2019Ateneo stesso.<\/p>\n<p>Il CRAL-UniRoma3, che nasce per decisione ed impegno dei singoli lavoratori, \u00e8 una libera Associazione senza scopo di lucro, apolitica, apartitica, e aconfessionale a cui pu\u00f2 aderire chiunque condivida gli scopi del Cral come indicato all&#8217;art. 2 dello Statuto.<\/p>\n<p>Tra le attivit\u00e0 del Circolo sono previste:<\/p>\n<ul>\n<li>iniziative a carattere culturale,<\/li>\n<li>iniziative sportive-dilettantistiche,<\/li>\n<li>iniziative ricreative<\/li>\n<li>turismo sociale<\/li>\n<li>servizi di quotidiana utilit\u00e0.<\/li>\n<\/ul>\n<p>&nbsp;<\/p>\n","protected":false},"excerpt":{"rendered":"<p>Nell\u2019ambito delle Universit\u00e0 italiane si \u00e8 sviluppato e consolidato un complesso di attivit\u00e0 integrative collaterali, rispetto ai fini istituzionali di didattica e ricerca proprie delle &#8230; <\/p>\n","protected":false},"author":1,"featured_media":0,"parent":0,"menu_order":0,"comment_status":"closed","ping_status":"closed","template":"","meta":{"footnotes":""},"class_list":["post-198","page","type-page","status-publish","hentry"],"_links":{"self":[{"href":"https:\/\/cral.uniroma3.it\/index.php?rest_route=\/wp\/v2\/pages\/198","targetHints":{"allow":["GET"]}}],"collection":[{"href":"https:\/\/cral.uniroma3.it\/index.php?rest_route=\/wp\/v2\/pages"}],"about":[{"href":"https:\/\/cral.uniroma3.it\/index.php?rest_route=\/wp\/v2\/types\/page"}],"author":[{"embeddable":true,"href":"https:\/\/cral.uniroma3.it\/index.php?rest_route=\/wp\/v2\/users\/1"}],"replies":[{"embeddable":true,"href":"https:\/\/cral.uniroma3.it\/index.php?rest_route=%2Fwp%2Fv2%2Fcomments&post=198"}],"version-history":[{"count":6,"href":"https:\/\/cral.uniroma3.it\/index.php?rest_route=\/wp\/v2\/pages\/198\/revisions"}],"predecessor-version":[{"id":1555,"href":"https:\/\/cral.uniroma3.it\/index.php?rest_route=\/wp\/v2\/pages\/198\/revisions\/1555"}],"wp:attachment":[{"href":"https:\/\/cral.uniroma3.it\/index.php?rest_route=%2Fwp%2Fv2%2Fmedia&parent=198"}],"curies":[{"name":"wp","href":"https:\/\/api.w.org\/{rel}","templated":true}]}}