{"id":237,"date":"2021-11-22T13:47:37","date_gmt":"2021-11-22T13:47:37","guid":{"rendered":"https:\/\/cral.uniroma3.it\/?page_id=237"},"modified":"2026-04-29T15:11:06","modified_gmt":"2026-04-29T15:11:06","slug":"viaggi-anciu","status":"publish","type":"page","link":"https:\/\/cral.uniroma3.it\/?page_id=237","title":{"rendered":"Viaggi ANCIU"},"content":{"rendered":"<p>Il CRAL UniRoma3 \u00e8 affiliato all&#8217;Associazione Nazionale Circoli Italiani Universitari &#8211; ANCIU pertanto, in base allo statuto dell&#8217;Associazione, tutti gli iscritti al Cral UniRoma3 potranno partecipare ai viaggi organizzati dall&#8217;ANCIU oltre che ai viaggi organizzati da tutti i Circoli universitari associati all&#8217;ANCIU.<\/p>\n<p>Sul sito dell&#8217;Associazione nazionale \u00e8 possibile visionare l&#8217;elenco dei <a href=\"https:\/\/www.anciu.it\/luoghi\/soci-1\">Circoli associati<\/a>.<\/p>\n<p>Per ulteriori informazioni su come partecipare ai viaggi ANCIU ed ai viaggi organizzati dei singoli Circoli universitari contattare il Cral UniRoma3 inviando una mail a: <a href=\"mailto:cral@uniroma3.it\">cral@uniroma3.it<\/a><\/p>\n<p>&nbsp;<\/p>\n<h2>In Programma<\/h2>\n<p>&nbsp;<\/p>\n<h4><strong>REIMS &#8211; La citt\u00e0 dei Re e dello Champagne<\/strong><\/h4>\n<h4><strong><img loading=\"lazy\" decoding=\"async\" class=\"size-medium wp-image-1676 alignright\" src=\"https:\/\/cral.uniroma3.it\/wp-content\/uploads\/2026\/04\/Reims-_-viaggio-ANCIU-300x168.png\" alt=\"\" width=\"300\" height=\"168\" srcset=\"https:\/\/cral.uniroma3.it\/wp-content\/uploads\/2026\/04\/Reims-_-viaggio-ANCIU-300x168.png 300w, https:\/\/cral.uniroma3.it\/wp-content\/uploads\/2026\/04\/Reims-_-viaggio-ANCIU.png 768w\" sizes=\"auto, (max-width: 300px) 100vw, 300px\" \/>09 &#8211; 12 luglio 2026<\/strong><\/h4>\n<p>Strada dei vini europea: REIMS la citt\u00e0 dei re e dello Champagne<\/p>\n<p>Un\u2019immersione\u00a0nella\u00a0favolosa\u00a0regione\u00a0dello\u00a0Champagne\u00a0e\u00a0nella\u00a0citt\u00e0\u00a0di\u00a0Reims, perla circondata dai vigneti e custode di architetture favolose e siti culturali imperdibili classificati Patrimonio dell\u2019Umanit\u00e0 dall\u2019UNESCO.<\/p>\n<p>Due giornate piene, venerd\u00ec e sabato, completamente dedicate alla scoperta del vino pi\u00f9 famoso al mondo: lo Champagne. Incontreremo Vignerons, visiteremo realt\u00e0 grandi e piccole, accompagnati da una guida Champagne Sp\u00e9cialiste certificata, che ci far\u00e0 scoprire, conoscere e capire le varie zone della Champagne.\u00a0Infine domenica partenza per\u00a0Parigi, con guida parlante italiano, per un tour della citt\u00e0 al mattino e tempo libero nel pomeriggio, infine rientro domenica in serata.<\/p>\n<p><em>L&#8217;invito \u00e8 riservato ai soci in regola con l&#8217;iscrizione annuale 2026.<br \/>\n<\/em><em>Riceverete tutti i dettagli del viaggio con i relativi riferimenti per le adesioni scrivendo a:<br \/>\n<\/em><em><a href=\"mailto:cral@uniroma3.it\">cral@uniroma3.it<\/a><br \/>\n<\/em><em>Luigi Banchetti: luigi.banchetti@uniroma3.it<\/em><\/p>\n<p>&nbsp;<\/p>\n<h4><img loading=\"lazy\" decoding=\"async\" class=\"size-medium wp-image-1672 alignright\" src=\"https:\/\/cral.uniroma3.it\/wp-content\/uploads\/2026\/04\/Fiandre-300x147.png\" alt=\"\" width=\"300\" height=\"147\" srcset=\"https:\/\/cral.uniroma3.it\/wp-content\/uploads\/2026\/04\/Fiandre-300x147.png 300w, https:\/\/cral.uniroma3.it\/wp-content\/uploads\/2026\/04\/Fiandre.png 426w\" sizes=\"auto, (max-width: 300px) 100vw, 300px\" \/>BELGIO<strong>\u00a0&#8211; Gran Tour delle Fiandre<\/strong><\/h4>\n<h4><strong>05 &#8211; 10 agosto 2026<\/strong><\/h4>\n<p>Il\u00a0<em>Gran Tour delle Fiandre<\/em>\u00a0\u00e8 un affascinante viaggio di 6 giorni alla scoperta del Belgio pi\u00f9 autentico, tra citt\u00e0 d\u2019arte, storia e tradizioni. Il tour tocca alcune delle mete pi\u00f9 iconiche delle Fiandre, come\u00a0Bruxelles,\u00a0Anversa,\u00a0Gand\u00a0e\u00a0Bruges, celebri per i loro centri storici medievali, l\u2019architettura suggestiva e l\u2019atmosfera romantica.<\/p>\n<p>Il programma include visite guidate ai principali monumenti, come la Grand Place di Bruxelles e la Cattedrale di San Bavone a Gand, oltre a esperienze culturali uniche, come il\u00a0Museo Magritte\u00a0e l\u2019abbazia trappista di\u00a0Abbazia di Westvleteren, famosa per la sua birra artigianale.<\/p>\n<p>Non mancano tappe suggestive come\u00a0Ostenda, elegante localit\u00e0 sul mare, e\u00a0Courtrai, dove tradizione e modernit\u00e0 si incontrano. Il viaggio si conclude con la visita della storica\u00a0Tournai, patrimonio UNESCO.<\/p>\n<p>Un itinerario completo che unisce arte, cultura e paesaggi, ideale per immergersi nella ricchezza delle Fiandre in modo comodo e organizzato.<\/p>\n<p><em>L&#8217;invito \u00e8 riservato ai soci in regola con l&#8217;iscrizione annuale 2026.<br \/>\n<\/em><em>Riceverete tutti i dettagli del viaggio con i relativi riferimenti per le adesioni scrivendo a:<br \/>\n<\/em><em><a href=\"mailto:cral@uniroma3.it\">cral@uniroma3.it<\/a><br \/>\n<\/em><em>Luigi Banchetti: luigi.banchetti@uniroma3.it<\/em><\/p>\n<p>&nbsp;<\/p>\n<h4>IRLANDA &#8211; Paradiso naturale e culturale tutta da scoprire<\/h4>\n<h4>15 &#8211; 22 agosto 2026<\/h4>\n<p>Il Circolo di Milano Bicocca propone ai soci dei Cral Universitari un viaggio in Irlanda alla scoperta di paesaggi naturali e ricchezze culturali unici.<\/p>\n<p>Il tour prevede l&#8217;arrivo a Dublino il 15 agosto e da qui si partir\u00e0 per visitare luoghi in cui la natura regna incontrastata, dalla regione di Connemara alla contea del Kerry con crociera alle scogliere di Moher, dalla penisola di Iveragh al castello di Kilkenny. Il rientro a Dublino, passando per la contea di Kildare, \u00e8 previsto per il pomeriggio del 21 agosto.<\/p>\n<p><em>L&#8217;invito \u00e8 riservato ai soci in regola con l&#8217;iscrizione annuale 2026.<br \/>\n<\/em><em>Riceverete tutti i dettagli del viaggio con i relativi riferimenti per le adesioni scrivendo a:<br \/>\n<\/em><em><a href=\"mailto:cral@uniroma3.it\">cral@uniroma3.it<\/a><br \/>\n<\/em><em>Luigi Banchetti: luigi.banchetti@uniroma3.it<\/em><\/p>\n<p>&nbsp;<\/p>\n<h4><strong><img loading=\"lazy\" decoding=\"async\" class=\"size-medium wp-image-1669 alignright\" src=\"https:\/\/cral.uniroma3.it\/wp-content\/uploads\/2026\/04\/viaggio-india-300x153.png\" alt=\"\" width=\"300\" height=\"153\" srcset=\"https:\/\/cral.uniroma3.it\/wp-content\/uploads\/2026\/04\/viaggio-india-300x153.png 300w, https:\/\/cral.uniroma3.it\/wp-content\/uploads\/2026\/04\/viaggio-india-1024x521.png 1024w, https:\/\/cral.uniroma3.it\/wp-content\/uploads\/2026\/04\/viaggio-india-768x391.png 768w, https:\/\/cral.uniroma3.it\/wp-content\/uploads\/2026\/04\/viaggio-india.png 1082w\" sizes=\"auto, (max-width: 300px) 100vw, 300px\" \/>INDIA &#8211; Tour del Rajasthan<\/strong><\/h4>\n<h4><strong>07 &#8211; 17 novembre 2026<\/strong><\/h4>\n<p>L&#8217;Anciu\u00a0propone un viaggio affascinante nel cuore dell\u2019India del Nord, tra citt\u00e0 leggendarie, antiche tradizioni e paesaggi suggestivi. Dalla vivace\u00a0Delhi\u00a0al colorato Rajasthan, l\u2019itinerario conduce attraverso fortezze maestose, palazzi da fiaba e villaggi ricchi di storia, offrendo una immersione autentica nella cultura indiana.<\/p>\n<p>Tra esperienze uniche, atmosfere spirituali e scorci indimenticabili, il percorso culmina con la visita al celebre\u00a0Taj Mahal, simbolo eterno di amore e una delle meraviglie pi\u00f9 iconiche del mondo.<\/p>\n<p>Un tour completo e coinvolgente, ideale per chi desidera scoprire l\u2019anima pi\u00f9 autentica e affascinante dell\u2019India.<\/p>\n<p><em>L&#8217;invito \u00e8 riservato ai soci in regola con l&#8217;iscrizione annuale 2026.<br \/>\n<\/em><em>Riceverete tutti i dettagli del viaggio con i relativi riferimenti per le adesioni scrivendo a:<br \/>\n<\/em><em><a href=\"mailto:cral@uniroma3.it\">cral@uniroma3.it<\/a><br \/>\n<\/em><em>Luigi Banchetti: luigi.banchetti@uniroma3.it<\/em><\/p>\n<p>&nbsp;<\/p>\n","protected":false},"excerpt":{"rendered":"<p>Il CRAL UniRoma3 \u00e8 affiliato all&#8217;Associazione Nazionale Circoli Italiani Universitari &#8211; ANCIU pertanto, in base allo statuto dell&#8217;Associazione, tutti gli iscritti al Cral UniRoma3 potranno &#8230; <\/p>\n","protected":false},"author":1,"featured_media":0,"parent":0,"menu_order":0,"comment_status":"closed","ping_status":"closed","template":"","meta":{"footnotes":""},"class_list":["post-237","page","type-page","status-publish","hentry"],"_links":{"self":[{"href":"https:\/\/cral.uniroma3.it\/index.php?rest_route=\/wp\/v2\/pages\/237","targetHints":{"allow":["GET"]}}],"collection":[{"href":"https:\/\/cral.uniroma3.it\/index.php?rest_route=\/wp\/v2\/pages"}],"about":[{"href":"https:\/\/cral.uniroma3.it\/index.php?rest_route=\/wp\/v2\/types\/page"}],"author":[{"embeddable":true,"href":"https:\/\/cral.uniroma3.it\/index.php?rest_route=\/wp\/v2\/users\/1"}],"replies":[{"embeddable":true,"href":"https:\/\/cral.uniroma3.it\/index.php?rest_route=%2Fwp%2Fv2%2Fcomments&post=237"}],"version-history":[{"count":86,"href":"https:\/\/cral.uniroma3.it\/index.php?rest_route=\/wp\/v2\/pages\/237\/revisions"}],"predecessor-version":[{"id":1682,"href":"https:\/\/cral.uniroma3.it\/index.php?rest_route=\/wp\/v2\/pages\/237\/revisions\/1682"}],"wp:attachment":[{"href":"https:\/\/cral.uniroma3.it\/index.php?rest_route=%2Fwp%2Fv2%2Fmedia&parent=237"}],"curies":[{"name":"wp","href":"https:\/\/api.w.org\/{rel}","templated":true}]}}